{"id":42,"date":"2019-05-16T16:52:18","date_gmt":"2019-05-16T14:52:18","guid":{"rendered":"https:\/\/cdu-lauscha.de\/?page_id=42"},"modified":"2019-05-16T16:52:18","modified_gmt":"2019-05-16T14:52:18","slug":"impressum","status":"publish","type":"page","link":"https:\/\/cdu-lauscha.de\/index.php\/impressum\/","title":{"rendered":"Impressum"},"content":{"rendered":"\n<p><strong>Angaben gem\u00e4\u00df \u00a7 5 TMG<\/strong><\/p>\n\n\n\n<p>CDU Ortsverband Lauscha<br>Thomas Ellmer<br>K\u00f6ppleinstra\u00dfe 36<br>98724 Lauscha<br>Telefon: 036702 352026<br>E-Mail: info(at)cdu-lauscha.de<\/p>\n\n\n\n<p><strong>Verantwortlich f\u00fcr den Inhalt nach \u00a7 55 Abs. 2 RStV<\/strong>:<br>CDU Ortsverband Lauscha<br>Thomas Ellmer<br>K\u00f6ppleinstra\u00dfe 36<br>98724 Lauscha<br>Telefon: 036702 352026<br>E-Mail: info(at)cdu-lauscha.de<\/p>\n\n\n\n<p>Bei dem Inhalt unserer Internetseiten handelt es sich um urheberrechtlich gesch\u00fctzte Werke. Der CDU-Ortsverband Lauscha gestattet die \u00dcbernahme von Texten in Datenbest\u00e4nde, die ausschlie\u00dflich f\u00fcr den privaten Gebrauch eines Nutzers bestimmt sind. Die \u00dcbernahme und Nutzung der Daten zu anderen Zwecken bedarf der schriftlichen Zustimmung der Partei.<\/p>\n\n\n\n<p>Haftungshinweis: Im Rahmen unseres Dienstes werden auch Links zu Internetinhalten anderer Anbieter bereitgestellt. Auf den Inhalt dieser Seiten haben wir keinen Einfluss; f\u00fcr den Inhalt ist ausschlie\u00dflich der Betreiber der anderen Website verantwortlich. Trotz der \u00dcberpr\u00fcfung der Inhalte im gesetzlich gebotenen Rahmen m\u00fcssen wir daher jede Verantwortung f\u00fcr den Inhalt dieser Links bzw. der verlinkten Seite ablehnen.<\/p>\n","protected":false},"excerpt":{"rendered":"<p>Angaben gem\u00e4\u00df \u00a7 5 TMG CDU Ortsverband LauschaThomas EllmerK\u00f6ppleinstra\u00dfe 3698724 LauschaTelefon: 036702 352026E-Mail: info(at)cdu-lauscha.de Verantwortlich f\u00fcr den Inhalt nach \u00a7 55 Abs. 2 RStV:CDU Ortsverband LauschaThomas EllmerK\u00f6ppleinstra\u00dfe 3698724 LauschaTelefon: 036702 352026E-Mail: info(at)cdu-lauscha.de Bei dem&#46;&#46;&#46;<\/p>\n","protected":false},"author":1,"featured_media":0,"parent":0,"menu_order":0,"comment_status":"closed","ping_status":"open","template":"","meta":{"footnotes":""},"class_list":["post-42","page","type-page","status-publish","hentry"],"_links":{"self":[{"href":"https:\/\/cdu-lauscha.de\/index.php\/wp-json\/wp\/v2\/pages\/42","targetHints":{"allow":["GET"]}}],"collection":[{"href":"https:\/\/cdu-lauscha.de\/index.php\/wp-json\/wp\/v2\/pages"}],"about":[{"href":"https:\/\/cdu-lauscha.de\/index.php\/wp-json\/wp\/v2\/types\/page"}],"author":[{"embeddable":true,"href":"https:\/\/cdu-lauscha.de\/index.php\/wp-json\/wp\/v2\/users\/1"}],"replies":[{"embeddable":true,"href":"https:\/\/cdu-lauscha.de\/index.php\/wp-json\/wp\/v2\/comments?post=42"}],"version-history":[{"count":1,"href":"https:\/\/cdu-lauscha.de\/index.php\/wp-json\/wp\/v2\/pages\/42\/revisions"}],"predecessor-version":[{"id":43,"href":"https:\/\/cdu-lauscha.de\/index.php\/wp-json\/wp\/v2\/pages\/42\/revisions\/43"}],"wp:attachment":[{"href":"https:\/\/cdu-lauscha.de\/index.php\/wp-json\/wp\/v2\/media?parent=42"}],"curies":[{"name":"wp","href":"https:\/\/api.w.org\/{rel}","templated":true}]}}